{"id":150,"date":"2021-05-11T05:33:17","date_gmt":"2021-05-11T05:33:17","guid":{"rendered":"https:\/\/riadcherifahotel.com\/contact\/"},"modified":"2023-06-08T20:40:37","modified_gmt":"2023-06-08T20:40:37","slug":"contact","status":"publish","type":"page","link":"https:\/\/riadcherifahotel.com\/es\/contact\/","title":{"rendered":"Contacte con"},"content":{"rendered":"<div data-elementor-type=\"wp-page\" data-elementor-id=\"150\" class=\"elementor elementor-150\" data-elementor-post-type=\"page\">\n\t\t\t\t\t\t<section class=\"elementor-section elementor-top-section elementor-element elementor-element-094af3c elementor-section-boxed elementor-section-height-default elementor-section-height-default\" data-id=\"094af3c\" data-element_type=\"section\" data-e-type=\"section\" data-settings=\"{&quot;background_background&quot;:&quot;classic&quot;}\">\n\t\t\t\t\t\t\t<div class=\"elementor-background-overlay\"><\/div>\n\t\t\t\t\t\t\t<div class=\"elementor-container elementor-column-gap-default\">\n\t\t\t\t\t<div class=\"elementor-column elementor-col-100 elementor-top-column elementor-element elementor-element-6b046d6\" data-id=\"6b046d6\" data-element_type=\"column\" data-e-type=\"column\">\n\t\t\t<div class=\"elementor-widget-wrap elementor-element-populated\">\n\t\t\t\t\t\t<div class=\"elementor-element elementor-element-8da095d elementor-widget elementor-widget-heading\" data-id=\"8da095d\" data-element_type=\"widget\" data-e-type=\"widget\" data-widget_type=\"heading.default\">\n\t\t\t\t\t<h1 class=\"elementor-heading-title elementor-size-default\">Contacte con<\/h1>\t\t\t\t<\/div>\n\t\t\t\t<div class=\"elementor-element elementor-element-948496e elementor-widget elementor-widget-text-editor\" data-id=\"948496e\" data-element_type=\"widget\" data-e-type=\"widget\" data-widget_type=\"text-editor.default\">\n\t\t\t\t\t\t\t\t\t\u00bfDesea informarse sobre nuestros precios, ofertas actuales y arreglos que podemos\npodemos ayudarle? Ll\u00e1menos o env\u00ede sus dudas a trav\u00e9s del siguiente formulario.\t\t\t\t\t\t\t\t<\/div>\n\t\t\t\t\t<\/div>\n\t\t<\/div>\n\t\t\t\t\t<\/div>\n\t\t<\/section>\n\t\t\t\t<section class=\"elementor-section elementor-top-section elementor-element elementor-element-29835de elementor-section-boxed elementor-section-height-default elementor-section-height-default\" data-id=\"29835de\" data-element_type=\"section\" data-e-type=\"section\" data-settings=\"{&quot;background_background&quot;:&quot;classic&quot;}\">\n\t\t\t\t\t\t<div class=\"elementor-container elementor-column-gap-no\">\n\t\t\t\t\t<div class=\"elementor-column elementor-col-50 elementor-top-column elementor-element elementor-element-5663bdd\" data-id=\"5663bdd\" data-element_type=\"column\" data-e-type=\"column\">\n\t\t\t<div class=\"elementor-widget-wrap elementor-element-populated\">\n\t\t\t\t\t\t<div class=\"elementor-element elementor-element-1c5880c elementor-widget elementor-widget-heading\" data-id=\"1c5880c\" data-element_type=\"widget\" data-e-type=\"widget\" data-widget_type=\"heading.default\">\n\t\t\t\t\t<h6 class=\"elementor-heading-title elementor-size-default\">Oficina de recepci\u00f3n<\/h6>\t\t\t\t<\/div>\n\t\t\t\t<div class=\"elementor-element elementor-element-2b1c014 elementor-widget elementor-widget-heading\" data-id=\"2b1c014\" data-element_type=\"widget\" data-e-type=\"widget\" data-widget_type=\"heading.default\">\n\t\t\t\t\t<h4 class=\"elementor-heading-title elementor-size-default\"> 6 Derb Hmed Laaroussi, Chefchaouen 91000<\/h4>\t\t\t\t<\/div>\n\t\t\t\t<div class=\"elementor-element elementor-element-f3e2aea elementor-widget elementor-widget-heading\" data-id=\"f3e2aea\" data-element_type=\"widget\" data-e-type=\"widget\" data-widget_type=\"heading.default\">\n\t\t\t\t\t<h6 class=\"elementor-heading-title elementor-size-default\">Horarios de recepci\u00f3n<\/h6>\t\t\t\t<\/div>\n\t\t\t\t<div class=\"elementor-element elementor-element-bd6bd54 elementor-widget elementor-widget-heading\" data-id=\"bd6bd54\" data-element_type=\"widget\" data-e-type=\"widget\" data-widget_type=\"heading.default\">\n\t\t\t\t\t<h4 class=\"elementor-heading-title elementor-size-default\">7:30 AM - 11:00 PM<\/h4>\t\t\t\t<\/div>\n\t\t\t\t<div class=\"elementor-element elementor-element-fac7a36 elementor-widget elementor-widget-heading\" data-id=\"fac7a36\" data-element_type=\"widget\" data-e-type=\"widget\" data-widget_type=\"heading.default\">\n\t\t\t\t\t<h6 class=\"elementor-heading-title elementor-size-default\">Contacte con<\/h6>\t\t\t\t<\/div>\n\t\t\t\t<div class=\"elementor-element elementor-element-cfaaecb elementor-widget elementor-widget-heading\" data-id=\"cfaaecb\" data-element_type=\"widget\" data-e-type=\"widget\" data-widget_type=\"heading.default\">\n\t\t\t\t\t<h4 class=\"elementor-heading-title elementor-size-default\"><a href=\"tel:+2125399-86370\">Phone:+212 5399-86370       \n<br>WhatsApp : +212 600 137 436\n <\/a><\/h4>\t\t\t\t<\/div>\n\t\t\t\t<div class=\"elementor-element elementor-element-e6ece76 elementor-widget elementor-widget-heading\" data-id=\"e6ece76\" data-element_type=\"widget\" data-e-type=\"widget\" data-widget_type=\"heading.default\">\n\t\t\t\t\t<h4 class=\"elementor-heading-title elementor-size-default\"><a href=\"mailto:reserves@riadcherifa.com?subject=Contact\">reserves@riadcherifahotel.com<\/a><\/h4>\t\t\t\t<\/div>\n\t\t\t\t<div class=\"elementor-element elementor-element-d5f219d elementor-widget elementor-widget-heading\" data-id=\"d5f219d\" data-element_type=\"widget\" data-e-type=\"widget\" data-widget_type=\"heading.default\">\n\t\t\t\t\t<h4 class=\"elementor-heading-title elementor-size-default\"><a href=\"mailto:info@riadcherifa.com?subject=Contact\">info@riadcherifahotel.com<\/a><\/h4>\t\t\t\t<\/div>\n\t\t\t\t<div class=\"elementor-element elementor-element-d814964 elementor-widget elementor-widget-heading\" data-id=\"d814964\" data-element_type=\"widget\" data-e-type=\"widget\" data-widget_type=\"heading.default\">\n\t\t\t\t\t<h6 class=\"elementor-heading-title elementor-size-default\">Siga con nosotros<\/h6>\t\t\t\t<\/div>\n\t\t\t\t<div class=\"elementor-element elementor-element-e14bc1c elementor-grid-4 e-grid-align-left elementor-shape-rounded elementor-widget elementor-widget-social-icons\" data-id=\"e14bc1c\" data-element_type=\"widget\" data-e-type=\"widget\" data-widget_type=\"social-icons.default\">\n\t\t\t\t\t\t\t<div class=\"elementor-social-icons-wrapper elementor-grid\" role=\"list\">\n\t\t\t\t\t\t\t<span class=\"elementor-grid-item\" role=\"listitem\">\n\t\t\t\t\t<a class=\"elementor-icon elementor-social-icon elementor-social-icon-instagram elementor-repeater-item-c332c44\" href=\"https:\/\/www.instagram.com\/riad.cherifa\/?hl=en\" target=\"_blank\">\n\t\t\t\t\t\t<span class=\"elementor-screen-only\">Instagram<\/span>\n\t\t\t\t\t\t<i aria-hidden=\"true\" class=\"fab fa-instagram\"><\/i>\t\t\t\t\t<\/a>\n\t\t\t\t<\/span>\n\t\t\t\t\t\t\t<span class=\"elementor-grid-item\" role=\"listitem\">\n\t\t\t\t\t<a class=\"elementor-icon elementor-social-icon elementor-social-icon-tripadvisor elementor-repeater-item-95d1c39\" href=\"https:\/\/www.tripadvisor.com\/Hotel_Review-g304013-d10303180-Reviews-Hotel_Riad_Cherifa-Chefchaouen_Tanger_Tetouan_Al_Hoceima.html\" target=\"_blank\">\n\t\t\t\t\t\t<span class=\"elementor-screen-only\">Tripadvisor<\/span>\n\t\t\t\t\t\t<i aria-hidden=\"true\" class=\"fab fa-tripadvisor\"><\/i>\t\t\t\t\t<\/a>\n\t\t\t\t<\/span>\n\t\t\t\t\t\t\t<span class=\"elementor-grid-item\" role=\"listitem\">\n\t\t\t\t\t<a class=\"elementor-icon elementor-social-icon elementor-social-icon-facebook elementor-repeater-item-80d0fd7\" href=\"https:\/\/www.instagram.com\/riad.cherifa\/?hl=en\" target=\"_blank\">\n\t\t\t\t\t\t<span class=\"elementor-screen-only\">Facebook<\/span>\n\t\t\t\t\t\t<i aria-hidden=\"true\" class=\"fab fa-facebook\"><\/i>\t\t\t\t\t<\/a>\n\t\t\t\t<\/span>\n\t\t\t\t\t<\/div>\n\t\t\t\t\t\t<\/div>\n\t\t\t\t\t<\/div>\n\t\t<\/div>\n\t\t\t\t<div class=\"elementor-column elementor-col-50 elementor-top-column elementor-element elementor-element-40ce0dc\" data-id=\"40ce0dc\" data-element_type=\"column\" data-e-type=\"column\">\n\t\t\t<div class=\"elementor-widget-wrap\">\n\t\t\t\t\t\t\t<\/div>\n\t\t<\/div>\n\t\t\t\t\t<\/div>\n\t\t<\/section>\n\t\t\t\t<section class=\"elementor-section elementor-top-section elementor-element elementor-element-7dd24b1 elementor-hidden-desktop elementor-section-boxed elementor-section-height-default elementor-section-height-default\" data-id=\"7dd24b1\" data-element_type=\"section\" data-e-type=\"section\">\n\t\t\t\t\t\t<div class=\"elementor-container elementor-column-gap-default\">\n\t\t\t\t\t<div class=\"elementor-column elementor-col-100 elementor-top-column elementor-element elementor-element-c8e8c01\" data-id=\"c8e8c01\" data-element_type=\"column\" data-e-type=\"column\">\n\t\t\t<div class=\"elementor-widget-wrap elementor-element-populated\">\n\t\t\t\t\t\t<div class=\"elementor-element elementor-element-fb79a3d elementor-widget elementor-widget-html\" data-id=\"fb79a3d\" data-element_type=\"widget\" data-e-type=\"widget\" data-widget_type=\"html.default\">\n\t\t\t\t\t<div class=\"mapouter\"><div class=\"gmap_canvas\"><iframe width=\"449\" height=\"451\" id=\"gmap_canvas\" src=\"https:\/\/maps.google.com\/maps?q=Riad%20Cherifa%20hotel&t=&z=17&ie=UTF8&iwloc=&output=embed\" frameborder=\"0\" scrolling=\"no\" marginheight=\"0\" marginwidth=\"0\"><\/iframe><a href=\"https:\/\/123movies-to.org\"><\/a><br><style>.mapouter{position:relative;text-align:right;height:451px;width:449px;}<\/style><a href=\"https:\/\/www.embedgooglemap.net\">embedgooglemap.net<\/a><style>.gmap_canvas {overflow:hidden;background:none!important;height:451px;width:449px;}<\/style><\/div><\/div>\t\t\t\t<\/div>\n\t\t\t\t\t<\/div>\n\t\t<\/div>\n\t\t\t\t\t<\/div>\n\t\t<\/section>\n\t\t\t\t<section class=\"elementor-section elementor-top-section elementor-element elementor-element-755c44d elementor-hidden-tablet elementor-hidden-mobile elementor-section-boxed elementor-section-height-default elementor-section-height-default\" data-id=\"755c44d\" data-element_type=\"section\" data-e-type=\"section\">\n\t\t\t\t\t\t<div class=\"elementor-container elementor-column-gap-default\">\n\t\t\t\t\t<div class=\"elementor-column elementor-col-16 elementor-top-column elementor-element elementor-element-26f6602\" data-id=\"26f6602\" data-element_type=\"column\" data-e-type=\"column\">\n\t\t\t<div class=\"elementor-widget-wrap\">\n\t\t\t\t\t\t\t<\/div>\n\t\t<\/div>\n\t\t\t\t<div class=\"elementor-column elementor-col-66 elementor-top-column elementor-element elementor-element-7669c04\" data-id=\"7669c04\" data-element_type=\"column\" data-e-type=\"column\">\n\t\t\t<div class=\"elementor-widget-wrap elementor-element-populated\">\n\t\t\t\t\t\t<div class=\"elementor-element elementor-element-2bb2dab elementor-widget elementor-widget-html\" data-id=\"2bb2dab\" data-element_type=\"widget\" data-e-type=\"widget\" data-widget_type=\"html.default\">\n\t\t\t\t\t<div class=\"mapouter\"><div class=\"gmap_canvas\"><iframe width=\"1080\" height=\"500\" id=\"gmap_canvas\" src=\"https:\/\/maps.google.com\/maps?q=RIAD%20CHERIFA%20HOTEL&t=&z=17&ie=UTF8&iwloc=&output=embed\" frameborder=\"0\" scrolling=\"no\" marginheight=\"0\" marginwidth=\"0\"><\/iframe><a href=\"https:\/\/2piratebay.org\"><\/a><br><style>.mapouter{position:relative;text-align:right;height:500px;width:1080px;}<\/style><a href=\"https:\/\/www.embedgooglemap.net\">embed google maps<\/a><style>.gmap_canvas {overflow:hidden;background:none!important;height:500px;width:1080px;}<\/style><\/div><\/div>\t\t\t\t<\/div>\n\t\t\t\t\t<\/div>\n\t\t<\/div>\n\t\t\t\t<div class=\"elementor-column elementor-col-16 elementor-top-column elementor-element elementor-element-c18dc12\" data-id=\"c18dc12\" data-element_type=\"column\" data-e-type=\"column\">\n\t\t\t<div class=\"elementor-widget-wrap\">\n\t\t\t\t\t\t\t<\/div>\n\t\t<\/div>\n\t\t\t\t\t<\/div>\n\t\t<\/section>\n\t\t\t\t<\/div>","protected":false},"excerpt":{"rendered":"<p>Contact Us Do you want to enquire about our pricing, current offers and arrangements we can help you with? Give us a call or send in your concerns through the form below. Reception Office 6 Derb Hmed Laaroussi, Chefchaouen 91000 Reception Hours 7:30 AM &#8211; 11:00 PM Contact Phone:+212 5399-86370 WhatsApp : +212 600 137 [&hellip;]<\/p>\n","protected":false},"author":2,"featured_media":0,"parent":0,"menu_order":0,"comment_status":"closed","ping_status":"closed","template":"","meta":{"site-sidebar-layout":"no-sidebar","site-content-layout":"page-builder","ast-site-content-layout":"default","site-content-style":"default","site-sidebar-style":"default","ast-global-header-display":"","ast-banner-title-visibility":"","ast-main-header-display":"","ast-hfb-above-header-display":"","ast-hfb-below-header-display":"","ast-hfb-mobile-header-display":"","site-post-title":"disabled","ast-breadcrumbs-content":"","ast-featured-img":"disabled","footer-sml-layout":"","ast-disable-related-posts":"","theme-transparent-header-meta":"enabled","adv-header-id-meta":"","stick-header-meta":"","header-above-stick-meta":"","header-main-stick-meta":"","header-below-stick-meta":"","astra-migrate-meta-layouts":"default","ast-page-background-enabled":"default","ast-page-background-meta":{"desktop":{"background-color":"","background-image":"","background-repeat":"repeat","background-position":"center center","background-size":"auto","background-attachment":"scroll","background-type":"","background-media":"","overlay-type":"","overlay-color":"","overlay-opacity":"","overlay-gradient":""},"tablet":{"background-color":"","background-image":"","background-repeat":"repeat","background-position":"center center","background-size":"auto","background-attachment":"scroll","background-type":"","background-media":"","overlay-type":"","overlay-color":"","overlay-opacity":"","overlay-gradient":""},"mobile":{"background-color":"","background-image":"","background-repeat":"repeat","background-position":"center center","background-size":"auto","background-attachment":"scroll","background-type":"","background-media":"","overlay-type":"","overlay-color":"","overlay-opacity":"","overlay-gradient":""}},"ast-content-background-meta":{"desktop":{"background-color":"var(--ast-global-color-5)","background-image":"","background-repeat":"repeat","background-position":"center center","background-size":"auto","background-attachment":"scroll","background-type":"","background-media":"","overlay-type":"","overlay-color":"","overlay-opacity":"","overlay-gradient":""},"tablet":{"background-color":"var(--ast-global-color-5)","background-image":"","background-repeat":"repeat","background-position":"center center","background-size":"auto","background-attachment":"scroll","background-type":"","background-media":"","overlay-type":"","overlay-color":"","overlay-opacity":"","overlay-gradient":""},"mobile":{"background-color":"var(--ast-global-color-5)","background-image":"","background-repeat":"repeat","background-position":"center center","background-size":"auto","background-attachment":"scroll","background-type":"","background-media":"","overlay-type":"","overlay-color":"","overlay-opacity":"","overlay-gradient":""}},"footnotes":""},"class_list":["post-150","page","type-page","status-publish","hentry"],"yoast_head":"<!-- This site is optimized with the Yoast SEO plugin v27.3 - https:\/\/yoast.com\/product\/yoast-seo-wordpress\/ -->\n<title>Contact - Riad Cherifa Hotel<\/title>\n<meta name=\"robots\" content=\"index, follow, max-snippet:-1, max-image-preview:large, max-video-preview:-1\" \/>\n<link rel=\"canonical\" href=\"https:\/\/riadcherifahotel.com\/es\/contact\/\" \/>\n<meta property=\"og:locale\" content=\"es_ES\" \/>\n<meta property=\"og:type\" content=\"article\" \/>\n<meta property=\"og:title\" content=\"Contact - Riad Cherifa Hotel\" \/>\n<meta property=\"og:description\" content=\"Contact Us Do you want to enquire about our pricing, current offers and arrangements we can help you with? Give us a call or send in your concerns through the form below. Reception Office 6 Derb Hmed Laaroussi, Chefchaouen 91000 Reception Hours 7:30 AM &#8211; 11:00 PM Contact Phone:+212 5399-86370 WhatsApp : +212 600 137 [&hellip;]\" \/>\n<meta property=\"og:url\" content=\"https:\/\/riadcherifahotel.com\/es\/contact\/\" \/>\n<meta property=\"og:site_name\" content=\"Riad Cherifa Hotel\" \/>\n<meta property=\"article:modified_time\" content=\"2023-06-08T20:40:37+00:00\" \/>\n<meta name=\"twitter:card\" content=\"summary_large_image\" \/>\n<meta name=\"twitter:label1\" content=\"Tiempo de lectura\" \/>\n\t<meta name=\"twitter:data1\" content=\"1 minuto\" \/>\n<script type=\"application\/ld+json\" class=\"yoast-schema-graph\">{\"@context\":\"https:\\\/\\\/schema.org\",\"@graph\":[{\"@type\":\"WebPage\",\"@id\":\"https:\\\/\\\/riadcherifahotel.com\\\/contact\\\/\",\"url\":\"https:\\\/\\\/riadcherifahotel.com\\\/contact\\\/\",\"name\":\"Contact - Riad Cherifa Hotel\",\"isPartOf\":{\"@id\":\"https:\\\/\\\/riadcherifahotel.com\\\/#website\"},\"datePublished\":\"2021-05-11T05:33:17+00:00\",\"dateModified\":\"2023-06-08T20:40:37+00:00\",\"breadcrumb\":{\"@id\":\"https:\\\/\\\/riadcherifahotel.com\\\/contact\\\/#breadcrumb\"},\"inLanguage\":\"es\",\"potentialAction\":[{\"@type\":\"ReadAction\",\"target\":[\"https:\\\/\\\/riadcherifahotel.com\\\/contact\\\/\"]}]},{\"@type\":\"BreadcrumbList\",\"@id\":\"https:\\\/\\\/riadcherifahotel.com\\\/contact\\\/#breadcrumb\",\"itemListElement\":[{\"@type\":\"ListItem\",\"position\":1,\"name\":\"Home\",\"item\":\"https:\\\/\\\/riadcherifahotel.com\\\/\"},{\"@type\":\"ListItem\",\"position\":2,\"name\":\"Contact\"}]},{\"@type\":\"WebSite\",\"@id\":\"https:\\\/\\\/riadcherifahotel.com\\\/#website\",\"url\":\"https:\\\/\\\/riadcherifahotel.com\\\/\",\"name\":\"Riad Cherifa Hotel\",\"description\":\"Luxury Raid, exceptional place, Morocco\",\"publisher\":{\"@id\":\"https:\\\/\\\/riadcherifahotel.com\\\/#organization\"},\"potentialAction\":[{\"@type\":\"SearchAction\",\"target\":{\"@type\":\"EntryPoint\",\"urlTemplate\":\"https:\\\/\\\/riadcherifahotel.com\\\/?s={search_term_string}\"},\"query-input\":{\"@type\":\"PropertyValueSpecification\",\"valueRequired\":true,\"valueName\":\"search_term_string\"}}],\"inLanguage\":\"es\"},{\"@type\":\"Organization\",\"@id\":\"https:\\\/\\\/riadcherifahotel.com\\\/#organization\",\"name\":\"Riad Cherifa Hotel\",\"url\":\"https:\\\/\\\/riadcherifahotel.com\\\/\",\"logo\":{\"@type\":\"ImageObject\",\"inLanguage\":\"es\",\"@id\":\"https:\\\/\\\/riadcherifahotel.com\\\/#\\\/schema\\\/logo\\\/image\\\/\",\"url\":\"https:\\\/\\\/riadcherifahotel.com\\\/wp-content\\\/uploads\\\/2016\\\/05\\\/Cherifa-Logo-Transparent-sticky.png\",\"contentUrl\":\"https:\\\/\\\/riadcherifahotel.com\\\/wp-content\\\/uploads\\\/2016\\\/05\\\/Cherifa-Logo-Transparent-sticky.png\",\"width\":200,\"height\":127,\"caption\":\"Riad Cherifa Hotel\"},\"image\":{\"@id\":\"https:\\\/\\\/riadcherifahotel.com\\\/#\\\/schema\\\/logo\\\/image\\\/\"}}]}<\/script>\n<!-- \/ Yoast SEO plugin. -->","yoast_head_json":{"title":"Contact - Riad Cherifa Hotel","robots":{"index":"index","follow":"follow","max-snippet":"max-snippet:-1","max-image-preview":"max-image-preview:large","max-video-preview":"max-video-preview:-1"},"canonical":"https:\/\/riadcherifahotel.com\/es\/contact\/","og_locale":"es_ES","og_type":"article","og_title":"Contact - Riad Cherifa Hotel","og_description":"Contact Us Do you want to enquire about our pricing, current offers and arrangements we can help you with? Give us a call or send in your concerns through the form below. Reception Office 6 Derb Hmed Laaroussi, Chefchaouen 91000 Reception Hours 7:30 AM &#8211; 11:00 PM Contact Phone:+212 5399-86370 WhatsApp : +212 600 137 [&hellip;]","og_url":"https:\/\/riadcherifahotel.com\/es\/contact\/","og_site_name":"Riad Cherifa Hotel","article_modified_time":"2023-06-08T20:40:37+00:00","twitter_card":"summary_large_image","twitter_misc":{"Tiempo de lectura":"1 minuto"},"schema":{"@context":"https:\/\/schema.org","@graph":[{"@type":"WebPage","@id":"https:\/\/riadcherifahotel.com\/contact\/","url":"https:\/\/riadcherifahotel.com\/contact\/","name":"Contact - Riad Cherifa Hotel","isPartOf":{"@id":"https:\/\/riadcherifahotel.com\/#website"},"datePublished":"2021-05-11T05:33:17+00:00","dateModified":"2023-06-08T20:40:37+00:00","breadcrumb":{"@id":"https:\/\/riadcherifahotel.com\/contact\/#breadcrumb"},"inLanguage":"es","potentialAction":[{"@type":"ReadAction","target":["https:\/\/riadcherifahotel.com\/contact\/"]}]},{"@type":"BreadcrumbList","@id":"https:\/\/riadcherifahotel.com\/contact\/#breadcrumb","itemListElement":[{"@type":"ListItem","position":1,"name":"Home","item":"https:\/\/riadcherifahotel.com\/"},{"@type":"ListItem","position":2,"name":"Contact"}]},{"@type":"WebSite","@id":"https:\/\/riadcherifahotel.com\/#website","url":"https:\/\/riadcherifahotel.com\/","name":"Riad Cherifa Hotel","description":"Luxury Raid, exceptional place, Morocco","publisher":{"@id":"https:\/\/riadcherifahotel.com\/#organization"},"potentialAction":[{"@type":"SearchAction","target":{"@type":"EntryPoint","urlTemplate":"https:\/\/riadcherifahotel.com\/?s={search_term_string}"},"query-input":{"@type":"PropertyValueSpecification","valueRequired":true,"valueName":"search_term_string"}}],"inLanguage":"es"},{"@type":"Organization","@id":"https:\/\/riadcherifahotel.com\/#organization","name":"Riad Cherifa Hotel","url":"https:\/\/riadcherifahotel.com\/","logo":{"@type":"ImageObject","inLanguage":"es","@id":"https:\/\/riadcherifahotel.com\/#\/schema\/logo\/image\/","url":"https:\/\/riadcherifahotel.com\/wp-content\/uploads\/2016\/05\/Cherifa-Logo-Transparent-sticky.png","contentUrl":"https:\/\/riadcherifahotel.com\/wp-content\/uploads\/2016\/05\/Cherifa-Logo-Transparent-sticky.png","width":200,"height":127,"caption":"Riad Cherifa Hotel"},"image":{"@id":"https:\/\/riadcherifahotel.com\/#\/schema\/logo\/image\/"}}]}},"_links":{"self":[{"href":"https:\/\/riadcherifahotel.com\/es\/wp-json\/wp\/v2\/pages\/150","targetHints":{"allow":["GET"]}}],"collection":[{"href":"https:\/\/riadcherifahotel.com\/es\/wp-json\/wp\/v2\/pages"}],"about":[{"href":"https:\/\/riadcherifahotel.com\/es\/wp-json\/wp\/v2\/types\/page"}],"author":[{"embeddable":true,"href":"https:\/\/riadcherifahotel.com\/es\/wp-json\/wp\/v2\/users\/2"}],"replies":[{"embeddable":true,"href":"https:\/\/riadcherifahotel.com\/es\/wp-json\/wp\/v2\/comments?post=150"}],"version-history":[{"count":0,"href":"https:\/\/riadcherifahotel.com\/es\/wp-json\/wp\/v2\/pages\/150\/revisions"}],"wp:attachment":[{"href":"https:\/\/riadcherifahotel.com\/es\/wp-json\/wp\/v2\/media?parent=150"}],"curies":[{"name":"wp","href":"https:\/\/api.w.org\/{rel}","templated":true}]}}